{"id":789,"date":"2022-04-04T11:42:39","date_gmt":"2022-04-04T09:42:39","guid":{"rendered":"https:\/\/www.gardeniadziwnow.pl\/?page_id=789"},"modified":"2022-07-07T20:27:13","modified_gmt":"2022-07-07T18:27:13","slug":"789-2","status":"publish","type":"page","link":"https:\/\/www.gardeniadziwnow.pl\/index.php\/789-2\/","title":{"rendered":"Dziwn\u00f3w"},"content":{"rendered":"<p>[et_pb_section fb_built=&#8221;1&#8243; specialty=&#8221;on&#8221; _builder_version=&#8221;4.15.1&#8243; _module_preset=&#8221;default&#8221; background_color=&#8221;#0a0a0a&#8221; background_image=&#8221;https:\/\/www.gardeniadziwnow.pl\/wp-content\/uploads\/2022\/04\/jumpstory-download20220325-122021.jpg&#8221; global_colors_info=&#8221;{}&#8221;][et_pb_column type=&#8221;1_2&#8243; _builder_version=&#8221;4.15&#8243; custom_padding=&#8221;|||&#8221; global_colors_info=&#8221;{}&#8221; custom_padding__hover=&#8221;|||&#8221;][et_pb_text _builder_version=&#8221;4.15.1&#8243; _module_preset=&#8221;default&#8221; text_font=&#8221;ABeeZee||||||||&#8221; text_font_size=&#8221;43px&#8221; header_text_color=&#8221;#FFFFFF&#8221; header_font_size=&#8221;53px&#8221; global_colors_info=&#8221;{}&#8221;]<\/p>\n<blockquote>\n<h1><strong>Dziwn\u00f3w<\/strong><\/h1>\n<\/blockquote>\n<p>[\/et_pb_text][et_pb_text _builder_version=&#8221;4.15.1&#8243; _module_preset=&#8221;default&#8221; text_text_color=&#8221;#FFFFFF&#8221; header_text_color=&#8221;#000000&#8243; global_colors_info=&#8221;{}&#8221;]<\/p>\n<ul>\n<li>Otoczony Morzem od P\u00f3\u0142nocy i Zalewem Kamie\u0144skim od P\u00f3ludnia<\/li>\n<li>Pi\u0119kna szeroka pla\u017ca<\/li>\n<li>Nowa promenada wzd\u0142u\u017c morza<\/li>\n<li>Sma\u017calnie ryb, w\u0119dzarnie ryb, restauracje<\/li>\n<li>Dost\u0119pne: Biedronka, Dino, POLOmarket, \u017babka<\/li>\n<\/ul>\n<p>[\/et_pb_text][\/et_pb_column][et_pb_column type=&#8221;1_2&#8243; specialty_columns=&#8221;2&#8243; _builder_version=&#8221;4.15&#8243; custom_padding=&#8221;|||&#8221; global_colors_info=&#8221;{}&#8221; custom_padding__hover=&#8221;|||&#8221;][et_pb_row_inner _builder_version=&#8221;4.15.1&#8243; _module_preset=&#8221;default&#8221; background_color=&#8221;#0a0a0a&#8221; custom_margin=&#8221;|-127px||||&#8221; global_colors_info=&#8221;{}&#8221;][et_pb_column_inner saved_specialty_column_type=&#8221;1_2&#8243; _builder_version=&#8221;4.15.1&#8243; _module_preset=&#8221;default&#8221; global_colors_info=&#8221;{}&#8221;][et_pb_code _builder_version=&#8221;4.15.1&#8243; _module_preset=&#8221;default&#8221; width=&#8221;100%&#8221; custom_margin=&#8221;|-156px||||&#8221; custom_padding=&#8221;3px|23px||23px||&#8221; global_colors_info=&#8221;{}&#8221;]<iframe loading=\"lazy\" src=\"https:\/\/imageserver.webcamera.pl\/umiesc\/dziwnow-plaza\" width=\"600\" height=\"337\" border=\"0\" frameborder=\"0\" scrolling=\"no\"><\/iframe>[\/et_pb_code][\/et_pb_column_inner][\/et_pb_row_inner][et_pb_row_inner _builder_version=&#8221;4.15.1&#8243; _module_preset=&#8221;default&#8221; global_colors_info=&#8221;{}&#8221;][et_pb_column_inner saved_specialty_column_type=&#8221;1_2&#8243; _builder_version=&#8221;4.15.1&#8243; _module_preset=&#8221;default&#8221; global_colors_info=&#8221;{}&#8221;][et_pb_text _builder_version=&#8221;4.15.1&#8243; _module_preset=&#8221;default&#8221; global_colors_info=&#8221;{}&#8221;]<\/p>\n<p>Oto jest i widok<\/p>\n<p>[\/et_pb_text][\/et_pb_column_inner][\/et_pb_row_inner][\/et_pb_column][\/et_pb_section][et_pb_section fb_built=&#8221;1&#8243; _builder_version=&#8221;4.15.1&#8243; _module_preset=&#8221;default&#8221; global_colors_info=&#8221;{}&#8221;][et_pb_row column_structure=&#8221;1_3,1_3,1_3&#8243; _builder_version=&#8221;4.15.1&#8243; _module_preset=&#8221;default&#8221; global_colors_info=&#8221;{}&#8221;][et_pb_column type=&#8221;1_3&#8243; _builder_version=&#8221;4.15.1&#8243; _module_preset=&#8221;default&#8221; global_colors_info=&#8221;{}&#8221;][et_pb_text _builder_version=&#8221;4.15.1&#8243; _module_preset=&#8221;default&#8221; text_font_size=&#8221;23px&#8221; global_colors_info=&#8221;{}&#8221;]<\/p>\n<p>Dziwn\u00f3w z lotu ptaka: <a href=\"https:\/\/www.dziwnow360.pl\/\">zobacz<\/a><\/p>\n<p>[\/et_pb_text][\/et_pb_column][et_pb_column type=&#8221;1_3&#8243; _builder_version=&#8221;4.15.1&#8243; _module_preset=&#8221;default&#8221; global_colors_info=&#8221;{}&#8221;][\/et_pb_column][et_pb_column type=&#8221;1_3&#8243; _builder_version=&#8221;4.15.1&#8243; _module_preset=&#8221;default&#8221; global_colors_info=&#8221;{}&#8221;][\/et_pb_column][\/et_pb_row][et_pb_row column_structure=&#8221;1_2,1_2&#8243; _builder_version=&#8221;4.15.1&#8243; _module_preset=&#8221;default&#8221; background_color=&#8221;#e0a016&#8243; width=&#8221;88.2%&#8221; custom_padding=&#8221;|37px||||&#8221; global_colors_info=&#8221;{}&#8221;][et_pb_column type=&#8221;1_2&#8243; _builder_version=&#8221;4.15.1&#8243; _module_preset=&#8221;default&#8221; global_colors_info=&#8221;{}&#8221;][et_pb_text _builder_version=&#8221;4.15.1&#8243; _module_preset=&#8221;default&#8221; text_font=&#8221;Abhaya Libre||||||||&#8221; text_font_size=&#8221;26px&#8221; header_font_size=&#8221;63px&#8221; transform_scale=&#8221;150%|150%&#8221; transform_scale_linked=&#8221;off&#8221; transform_translate=&#8221;18px|37px&#8221; transform_translate_linked=&#8221;off&#8221; global_colors_info=&#8221;{}&#8221;]<\/p>\n<blockquote>\n<h1><strong>Dziwn\u00f3w z lotu ptaka<\/strong><\/h1>\n<\/blockquote>\n<p>[\/et_pb_text][\/et_pb_column][et_pb_column type=&#8221;1_2&#8243; _builder_version=&#8221;4.15.1&#8243; _module_preset=&#8221;default&#8221; global_colors_info=&#8221;{}&#8221;][et_pb_code _builder_version=&#8221;4.15.1&#8243; _module_preset=&#8221;default&#8221; global_colors_info=&#8221;{}&#8221;]<iframe loading=\"lazy\" width=\"560\" height=\"315\" src=\"https:\/\/www.youtube.com\/embed\/Wj4tDlVyDL4\" title=\"YouTube video player\" frameborder=\"0\" allow=\"accelerometer; autoplay; clipboard-write; encrypted-media; gyroscope; picture-in-picture\" allowfullscreen><\/iframe>[\/et_pb_code][\/et_pb_column][\/et_pb_row][et_pb_row column_structure=&#8221;1_2,1_2&#8243; _builder_version=&#8221;4.15.1&#8243; _module_preset=&#8221;default&#8221; global_colors_info=&#8221;{}&#8221;][et_pb_column type=&#8221;1_2&#8243; _builder_version=&#8221;4.15.1&#8243; _module_preset=&#8221;default&#8221; global_colors_info=&#8221;{}&#8221;][et_pb_image src=&#8221;https:\/\/www.gardeniadziwnow.pl\/wp-content\/uploads\/2022\/04\/dziwnowdesktop2021_2.jpeg&#8221; title_text=&#8221;dziwnowdesktop2021_2&#8243; _builder_version=&#8221;4.15.1&#8243; _module_preset=&#8221;default&#8221; scroll_scaling_enable=&#8221;on&#8221; scroll_scaling=&#8221;0|50|50|100|150%|100|100&#8243; global_colors_info=&#8221;{}&#8221;][\/et_pb_image][\/et_pb_column][et_pb_column type=&#8221;1_2&#8243; _builder_version=&#8221;4.15.1&#8243; _module_preset=&#8221;default&#8221; global_colors_info=&#8221;{}&#8221;][et_pb_button button_url=&#8221;https:\/\/www.gardeniadziwnow.pl\/mapa_dziwnow_duza.pdf&#8221; url_new_window=&#8221;on&#8221; button_text=&#8221;Mapa Dziwnowa&#8221; button_alignment=&#8221;left&#8221; _builder_version=&#8221;4.15.1&#8243; _module_preset=&#8221;default&#8221; custom_button=&#8221;on&#8221; button_text_size=&#8221;20px&#8221; button_text_color=&#8221;#FFFFFF&#8221; button_bg_color=&#8221;#0C71C3&#8243; button_border_width=&#8221;2px&#8221; button_border_color=&#8221;#ffffff&#8221; button_icon=&#8221;&#x3d;||divi||400&#8243; transform_translate=&#8221;-112px|12px&#8221; transform_translate_linked=&#8221;off&#8221; background_layout=&#8221;dark&#8221; custom_margin=&#8221;0px|||0px|false|false&#8221; custom_padding=&#8221;0px||||false|false&#8221; scroll_blur_enable=&#8221;on&#8221; global_colors_info=&#8221;{}&#8221;][\/et_pb_button][et_pb_button button_url=&#8221;https:\/\/www.gardeniadziwnow.pl\/Dziwnow_pl_2021.pdf&#8221; url_new_window=&#8221;on&#8221; button_text=&#8221;Informator Dziwn\u00f3w&#8221; button_alignment=&#8221;left&#8221; admin_label=&#8221;Przycisk&#8221; _builder_version=&#8221;4.15.1&#8243; _module_preset=&#8221;default&#8221; custom_button=&#8221;on&#8221; button_text_color=&#8221;#FFFFFF&#8221; button_bg_color=&#8221;#0C71C3&#8243; button_border_width=&#8221;2px&#8221; button_border_color=&#8221;#ffffff&#8221; button_icon=&#8221;&#x3d;||divi||400&#8243; transform_translate=&#8221;-112px|5px&#8221; transform_translate_linked=&#8221;off&#8221; z_index=&#8221;0&#8243; background_layout=&#8221;dark&#8221; custom_margin=&#8221;0px|||0px|false|false&#8221; custom_padding=&#8221;0px||||false|false&#8221; scroll_horizontal_motion=&#8221;15|50|50|100|-0.5|-3|-30.5&#8243; scroll_blur_enable=&#8221;on&#8221; motion_trigger_start=&#8221;top&#8221; global_colors_info=&#8221;{}&#8221;][\/et_pb_button][et_pb_button button_url=&#8221;https:\/\/www.dziwnow360.pl\/&#8221; url_new_window=&#8221;on&#8221; button_text=&#8221;Dziwn\u00f3w 360\u00b0&#8221; button_alignment=&#8221;left&#8221; admin_label=&#8221;Przycisk&#8221; _builder_version=&#8221;4.15.1&#8243; _module_preset=&#8221;default&#8221; custom_button=&#8221;on&#8221; button_text_color=&#8221;#FFFFFF&#8221; button_bg_color=&#8221;#0C71C3&#8243; button_border_width=&#8221;2px&#8221; button_border_color=&#8221;#ffffff&#8221; button_icon=&#8221;&#x3d;||divi||400&#8243; transform_translate=&#8221;-112px|-5px&#8221; transform_translate_linked=&#8221;off&#8221; z_index=&#8221;0&#8243; background_layout=&#8221;dark&#8221; custom_margin=&#8221;0px|||0px|false|false&#8221; custom_padding=&#8221;0px||||false|false&#8221; scroll_horizontal_motion=&#8221;15|50|50|100|-0.5|-3|-30.5&#8243; scroll_blur_enable=&#8221;on&#8221; motion_trigger_start=&#8221;top&#8221; global_colors_info=&#8221;{}&#8221;][\/et_pb_button][\/et_pb_column][\/et_pb_row][\/et_pb_section][et_pb_section fb_built=&#8221;1&#8243; _builder_version=&#8221;4.15.1&#8243; _module_preset=&#8221;default&#8221; background_color=&#8221;#00ace0&#8243; global_colors_info=&#8221;{}&#8221;][\/et_pb_section]<\/p>\n","protected":false},"excerpt":{"rendered":"<p>Dziwn\u00f3w Otoczony Morzem od P\u00f3\u0142nocy i Zalewem Kamie\u0144skim od P\u00f3ludnia Pi\u0119kna szeroka pla\u017ca Nowa promenada wzd\u0142u\u017c morza Sma\u017calnie ryb, w\u0119dzarnie ryb, restauracje Dost\u0119pne: Biedronka, Dino, POLOmarket, \u017babka Oto jest i widokDziwn\u00f3w z lotu ptaka: zobacz Dziwn\u00f3w z lotu ptaka<\/p>\n","protected":false},"author":1,"featured_media":0,"parent":0,"menu_order":0,"comment_status":"closed","ping_status":"closed","template":"","meta":{"_et_pb_use_builder":"on","_et_pb_old_content":"","_et_gb_content_width":"","_monsterinsights_skip_tracking":false,"_monsterinsights_sitenote_active":false,"_monsterinsights_sitenote_note":"","_monsterinsights_sitenote_category":0},"_links":{"self":[{"href":"https:\/\/www.gardeniadziwnow.pl\/index.php\/wp-json\/wp\/v2\/pages\/789"}],"collection":[{"href":"https:\/\/www.gardeniadziwnow.pl\/index.php\/wp-json\/wp\/v2\/pages"}],"about":[{"href":"https:\/\/www.gardeniadziwnow.pl\/index.php\/wp-json\/wp\/v2\/types\/page"}],"author":[{"embeddable":true,"href":"https:\/\/www.gardeniadziwnow.pl\/index.php\/wp-json\/wp\/v2\/users\/1"}],"replies":[{"embeddable":true,"href":"https:\/\/www.gardeniadziwnow.pl\/index.php\/wp-json\/wp\/v2\/comments?post=789"}],"version-history":[{"count":19,"href":"https:\/\/www.gardeniadziwnow.pl\/index.php\/wp-json\/wp\/v2\/pages\/789\/revisions"}],"predecessor-version":[{"id":1048,"href":"https:\/\/www.gardeniadziwnow.pl\/index.php\/wp-json\/wp\/v2\/pages\/789\/revisions\/1048"}],"wp:attachment":[{"href":"https:\/\/www.gardeniadziwnow.pl\/index.php\/wp-json\/wp\/v2\/media?parent=789"}],"curies":[{"name":"wp","href":"https:\/\/api.w.org\/{rel}","templated":true}]}}