{"id":1021,"date":"2022-06-13T12:59:33","date_gmt":"2022-06-13T10:59:33","guid":{"rendered":"https:\/\/www.gardeniadziwnow.pl\/?page_id=1021"},"modified":"2024-01-30T13:46:29","modified_gmt":"2024-01-30T12:46:29","slug":"1021-2","status":"publish","type":"page","link":"https:\/\/www.gardeniadziwnow.pl\/index.php\/1021-2\/","title":{"rendered":"Rezerwacja"},"content":{"rendered":"<p>[et_pb_section fb_built=&#8221;1&#8243; _builder_version=&#8221;4.15.1&#8243; _module_preset=&#8221;default&#8221; global_colors_info=&#8221;{}&#8221;][et_pb_row column_structure=&#8221;3_5,2_5&#8243; _builder_version=&#8221;4.15.1&#8243; _module_preset=&#8221;default&#8221; width=&#8221;100%&#8221; max_width=&#8221;100%&#8221; custom_padding=&#8221;26px|||||&#8221; global_colors_info=&#8221;{}&#8221;][et_pb_column type=&#8221;3_5&#8243; _builder_version=&#8221;4.15.1&#8243; _module_preset=&#8221;default&#8221; global_colors_info=&#8221;{}&#8221;][et_pb_text _builder_version=&#8221;4.15.1&#8243; _module_preset=&#8221;default&#8221; width=&#8221;100%&#8221; custom_padding=&#8221;|||40px||&#8221; border_radii=&#8221;on|5px|5px|5px|5px&#8221; border_width_all=&#8221;1px&#8221; border_color_all=&#8221;#0C71C3&#8243; global_colors_info=&#8221;{}&#8221;]<\/p>\n<p>Zasady rezerwacji:<\/p>\n<p>&#8211; Rezerwacja minimum na 2 noce,- W czerwcu, lipcu, sierpniu<br \/>&#8211; rezerwacje na minimum 6 dni (weekend-weekend)<br \/>&#8211; Do ka\u017cdej rezerwacji doliczana jest op\u0142ata za sprz\u0105tanie 350 z\u0142 i op\u0142ata miejscowa 2,50 z\u0142\/os\/noc.<br \/>&#8211; W przypadku rezerwacji z 14 dniowym lub wi\u0119kszym wyprzedzeniem konieczne jest wp\u0142acenie 40% kwoty w celu rezerwacji. Do 2 tygodni przed planowanym przyjazdem jest mo\u017cliwo\u015b\u0107 bezkosztowego odwo\u0142ania przyjazdu.<br \/>&#8211; W Apartamencie nie akceptujemy zwierz\u0105t<br \/>&#8211; Obowi\u0105zuje ca\u0142kowity zakaz palenia tytoniu.<br \/>&#8211; Po przyje\u017adzie pobieramy kaucj\u0119 w wysoko\u015bci 500 z\u0142 na pokrycie ewentualnych szk\u00f3d.<br \/>&#8211; Nie wystawiamy Faktur VAT.<br \/>&#8211; Regulamin pobytu w naszym obiekcie<\/p>\n<p>[\/et_pb_text][wpbs_divi_single_calendar id=&#8221;1&#8243; form_id=&#8221;2&#8243; title=&#8221;no&#8221; legend_position=&#8221;bottom&#8221; display=&#8221;2&#8243; history=&#8221;2&#8243; highlighttoday=&#8221;yes&#8221; show_prices=&#8221;yes&#8221; minimum_days=&#8221;2&#8243; show_date_selection=&#8221;yes&#8221; _builder_version=&#8221;4.15.1&#8243; _module_preset=&#8221;default&#8221; custom_padding=&#8221;|||2px||&#8221; border_radii=&#8221;on|9px|9px|9px|9px&#8221; border_width_all=&#8221;1px&#8221; border_color_all=&#8221;#0C71C3&#8243; global_colors_info=&#8221;{}&#8221;][\/wpbs_divi_single_calendar][\/et_pb_column][et_pb_column type=&#8221;2_5&#8243; _builder_version=&#8221;4.15.1&#8243; _module_preset=&#8221;default&#8221; global_colors_info=&#8221;{}&#8221;][et_pb_image src=&#8221;https:\/\/www.gardeniadziwnow.pl\/wp-content\/uploads\/2022\/04\/pexels-karolina-grabowska-8371657.jpg&#8221; title_text=&#8221;pexels-karolina-grabowska-8371657&#8243; _builder_version=&#8221;4.15.1&#8243; _module_preset=&#8221;default&#8221; global_colors_info=&#8221;{}&#8221;][\/et_pb_image][\/et_pb_column][\/et_pb_row][\/et_pb_section]<\/p>\n","protected":false},"excerpt":{"rendered":"<p>Zasady rezerwacji: &#8211; Rezerwacja minimum na 2 noce,- W czerwcu, lipcu, sierpniu- rezerwacje na minimum 6 dni (weekend-weekend)- Do ka\u017cdej rezerwacji doliczana jest op\u0142ata za sprz\u0105tanie 350 z\u0142 i op\u0142ata miejscowa 2,50 z\u0142\/os\/noc.- W przypadku rezerwacji z 14 dniowym lub wi\u0119kszym wyprzedzeniem konieczne jest wp\u0142acenie 40% kwoty w celu rezerwacji. Do 2 tygodni przed planowanym [&hellip;]<\/p>\n","protected":false},"author":1,"featured_media":0,"parent":0,"menu_order":0,"comment_status":"closed","ping_status":"closed","template":"","meta":{"_et_pb_use_builder":"on","_et_pb_old_content":"","_et_gb_content_width":"","_monsterinsights_skip_tracking":false,"_monsterinsights_sitenote_active":false,"_monsterinsights_sitenote_note":"","_monsterinsights_sitenote_category":0},"_links":{"self":[{"href":"https:\/\/www.gardeniadziwnow.pl\/index.php\/wp-json\/wp\/v2\/pages\/1021"}],"collection":[{"href":"https:\/\/www.gardeniadziwnow.pl\/index.php\/wp-json\/wp\/v2\/pages"}],"about":[{"href":"https:\/\/www.gardeniadziwnow.pl\/index.php\/wp-json\/wp\/v2\/types\/page"}],"author":[{"embeddable":true,"href":"https:\/\/www.gardeniadziwnow.pl\/index.php\/wp-json\/wp\/v2\/users\/1"}],"replies":[{"embeddable":true,"href":"https:\/\/www.gardeniadziwnow.pl\/index.php\/wp-json\/wp\/v2\/comments?post=1021"}],"version-history":[{"count":11,"href":"https:\/\/www.gardeniadziwnow.pl\/index.php\/wp-json\/wp\/v2\/pages\/1021\/revisions"}],"predecessor-version":[{"id":1080,"href":"https:\/\/www.gardeniadziwnow.pl\/index.php\/wp-json\/wp\/v2\/pages\/1021\/revisions\/1080"}],"wp:attachment":[{"href":"https:\/\/www.gardeniadziwnow.pl\/index.php\/wp-json\/wp\/v2\/media?parent=1021"}],"curies":[{"name":"wp","href":"https:\/\/api.w.org\/{rel}","templated":true}]}}